{"id":259,"date":"2023-08-29T12:47:06","date_gmt":"2023-08-29T10:47:06","guid":{"rendered":"https:\/\/xn--peluqueratumomento-oyb.com\/?page_id=259"},"modified":"2023-10-24T20:22:41","modified_gmt":"2023-10-24T18:22:41","slug":"accesibilidad-web","status":"publish","type":"page","link":"https:\/\/xn--peluqueratumomento-oyb.com\/en\/incio\/politica-de-privacidad\/accesibilidad-web\/","title":{"rendered":"Accesibilidad Web"},"content":{"rendered":"\t\t<div data-elementor-type=\"wp-page\" data-elementor-id=\"259\" class=\"elementor elementor-259\" data-elementor-post-type=\"page\">\n\t\t\t\t\t\t\t\t\t<section class=\"elementor-section elementor-top-section elementor-element elementor-element-fe8acaf elementor-section-boxed elementor-section-height-default elementor-section-height-default\" data-id=\"fe8acaf\" data-element_type=\"section\">\n\t\t\t\t\t\t<div class=\"elementor-container elementor-column-gap-default\">\n\t\t\t\t\t<div class=\"elementor-column elementor-col-100 elementor-top-column elementor-element elementor-element-2695aac\" data-id=\"2695aac\" data-element_type=\"column\">\n\t\t\t<div class=\"elementor-widget-wrap elementor-element-populated\">\n\t\t\t\t\t\t\t\t<div class=\"elementor-element elementor-element-65c45e3 elementor-widget elementor-widget-heading\" data-id=\"65c45e3\" data-element_type=\"widget\" data-widget_type=\"heading.default\">\n\t\t\t\t<div class=\"elementor-widget-container\">\n\t\t\t<style>\/*! elementor - v3.18.0 - 20-12-2023 *\/\n.elementor-heading-title{padding:0;margin:0;line-height:1}.elementor-widget-heading .elementor-heading-title[class*=elementor-size-]>a{color:inherit;font-size:inherit;line-height:inherit}.elementor-widget-heading .elementor-heading-title.elementor-size-small{font-size:15px}.elementor-widget-heading .elementor-heading-title.elementor-size-medium{font-size:19px}.elementor-widget-heading .elementor-heading-title.elementor-size-large{font-size:29px}.elementor-widget-heading .elementor-heading-title.elementor-size-xl{font-size:39px}.elementor-widget-heading .elementor-heading-title.elementor-size-xxl{font-size:59px}<\/style><h2 class=\"elementor-heading-title elementor-size-default\">Accesibilidad<\/h2>\t\t<\/div>\n\t\t\t\t<\/div>\n\t\t\t\t<div class=\"elementor-element elementor-element-a34fabe elementor-widget elementor-widget-text-editor\" data-id=\"a34fabe\" data-element_type=\"widget\" data-widget_type=\"text-editor.default\">\n\t\t\t\t<div class=\"elementor-widget-container\">\n\t\t\t<style>\/*! elementor - v3.18.0 - 20-12-2023 *\/\n.elementor-widget-text-editor.elementor-drop-cap-view-stacked .elementor-drop-cap{background-color:#69727d;color:#fff}.elementor-widget-text-editor.elementor-drop-cap-view-framed .elementor-drop-cap{color:#69727d;border:3px solid;background-color:transparent}.elementor-widget-text-editor:not(.elementor-drop-cap-view-default) .elementor-drop-cap{margin-top:8px}.elementor-widget-text-editor:not(.elementor-drop-cap-view-default) .elementor-drop-cap-letter{width:1em;height:1em}.elementor-widget-text-editor .elementor-drop-cap{float:left;text-align:center;line-height:1;font-size:50px}.elementor-widget-text-editor .elementor-drop-cap-letter{display:inline-block}<\/style>\t\t\t\t<p>Actualizado 15\/03\/2023<\/p><p>PELUQUERIATUMOMENTO se compromete en hacer accesible su sitio web de conformidad con el\u00a0Real Decreto 1112\/2018, sobre accesibilidad de los sitios webs y aplicaciones para dispositivos m\u00f3viles del sector p\u00fablico.<br \/>La presente declaraci\u00f3n de accesibilidad se aplica al sitio web peluquer\u00edatumomento.com.<br \/>SITUACI\u00d3N DE CUMPLIMIENTO<br \/>Este sitio web es parcialmente conforme con el\u00a0RD 1112\/2018\u00a0debido a la falta de conformidad de los aspectos que se indican a continuaci\u00f3n.<br \/>Contenido no accesible<br \/>El contenido que se recoge a continuaci\u00f3n no es accesible por lo siguiente:<br \/>Falta de conformidad con el RD 1112\/2018<br \/>Se pueden encontrar im\u00e1genes sin que acompa\u00f1e texto explicativo.<br \/>Se puede encontrar a\u00fan anidamientos incorrectos de etiquetas.<br \/>Podr\u00edan existir fallos de edici\u00f3n en la p\u00e1gina web.<br \/>Carga desproporcionada<br \/>No aplica.<br \/>El contenido no entra dentro del \u00e1mbito de la legislaci\u00f3n aplicable.<br \/>Existen archivos ofim\u00e1ticos en PDF que no cumplan en su totalidad todos los requisitos de accesibilidad.<br \/>La presente declaraci\u00f3n fue preparada el 15 de enero de 2023.<br \/>El m\u00e9todo empleado para preparar la declaraci\u00f3n ha sido una autoevaluaci\u00f3n llevada a cabo por el equipo de accesibilidad.<br \/>\u00daltima revisi\u00f3n de la declaraci\u00f3n: 12 de enero de 2023.<br \/>Observaciones y datos de contacto<br \/>Puede realizar comunicaciones sobre requisitos de accesibilidad (art\u00edculo 10.2.a) del RD 1112\/2018) como por ejemplo:<br \/>Informar sobre cualquier posible incumplimiento por parte de este sitio web.<br \/>Transmitir otras dificultades de acceso al contenido.<br \/>Formular cualquier otra consulta o sugerencia de mejora relativa a la accesibilidad del sitio web.<br \/>A trav\u00e9s de nuestro buz\u00f3n de sugerencias Lorena_farto@hotmail.com., o de manera presencial en nuestra sede: PASEO DE LA HUERTA DE GUADIAN, 7 Valladolid.<br \/>Las comunicaciones ser\u00e1n recibidas y tratadas por el equipo de Accesibilidad.<\/p>\t\t\t\t\t\t<\/div>\n\t\t\t\t<\/div>\n\t\t\t\t\t<\/div>\n\t\t<\/div>\n\t\t\t\t\t\t\t<\/div>\n\t\t<\/section>\n\t\t\t\t\t\t\t<\/div>\n\t\t","protected":false},"excerpt":{"rendered":"<p>Accesibilidad Actualizado 15\/03\/2023 PELUQUERIATUMOMENTO se compromete en hacer accesible su sitio web de conformidad con el\u00a0Real Decreto 1112\/2018, sobre accesibilidad de los sitios webs y aplicaciones para dispositivos m\u00f3viles del sector p\u00fablico.La presente declaraci\u00f3n de accesibilidad se aplica al sitio web peluquer\u00edatumomento.com.SITUACI\u00d3N DE CUMPLIMIENTOEste sitio web es parcialmente conforme con el\u00a0RD 1112\/2018\u00a0debido a la falta [&hellip;]<\/p>\n","protected":false},"author":1,"featured_media":0,"parent":179,"menu_order":0,"comment_status":"closed","ping_status":"closed","template":"","meta":{"footnotes":"","_joinchat":[]},"yoast_head":"<!-- This site is optimized with the Yoast SEO plugin v23.5 - https:\/\/yoast.com\/wordpress\/plugins\/seo\/ -->\n<title>Accesibilidad Web - Peluqueria Tu Momento<\/title>\n<meta name=\"robots\" content=\"index, follow, max-snippet:-1, max-image-preview:large, max-video-preview:-1\" \/>\n<link rel=\"canonical\" href=\"https:\/\/xn--peluqueratumomento-oyb.com\/en\/incio\/politica-de-privacidad\/accesibilidad-web\/\" \/>\n<meta property=\"og:locale\" content=\"en_GB\" \/>\n<meta property=\"og:type\" content=\"article\" \/>\n<meta property=\"og:title\" content=\"Accesibilidad Web - Peluqueria Tu Momento\" \/>\n<meta property=\"og:description\" content=\"Accesibilidad Actualizado 15\/03\/2023 PELUQUERIATUMOMENTO se compromete en hacer accesible su sitio web de conformidad con el\u00a0Real Decreto 1112\/2018, sobre accesibilidad de los sitios webs y aplicaciones para dispositivos m\u00f3viles del sector p\u00fablico.La presente declaraci\u00f3n de accesibilidad se aplica al sitio web peluquer\u00edatumomento.com.SITUACI\u00d3N DE CUMPLIMIENTOEste sitio web es parcialmente conforme con el\u00a0RD 1112\/2018\u00a0debido a la falta [&hellip;]\" \/>\n<meta property=\"og:url\" content=\"https:\/\/xn--peluqueratumomento-oyb.com\/en\/incio\/politica-de-privacidad\/accesibilidad-web\/\" \/>\n<meta property=\"og:site_name\" content=\"Peluqueria Tu Momento\" \/>\n<meta property=\"article:modified_time\" content=\"2023-10-24T18:22:41+00:00\" \/>\n<meta name=\"twitter:card\" content=\"summary_large_image\" \/>\n<meta name=\"twitter:label1\" content=\"Estimated reading time\" \/>\n\t<meta name=\"twitter:data1\" content=\"2 minutes\" \/>\n<script type=\"application\/ld+json\" class=\"yoast-schema-graph\">{\"@context\":\"https:\/\/schema.org\",\"@graph\":[{\"@type\":\"WebPage\",\"@id\":\"https:\/\/xn--peluqueratumomento-oyb.com\/incio\/politica-de-privacidad\/accesibilidad-web\/\",\"url\":\"https:\/\/xn--peluqueratumomento-oyb.com\/incio\/politica-de-privacidad\/accesibilidad-web\/\",\"name\":\"Accesibilidad Web - Peluqueria Tu Momento\",\"isPartOf\":{\"@id\":\"https:\/\/xn--peluqueratumomento-oyb.com\/#website\"},\"datePublished\":\"2023-08-29T10:47:06+00:00\",\"dateModified\":\"2023-10-24T18:22:41+00:00\",\"breadcrumb\":{\"@id\":\"https:\/\/xn--peluqueratumomento-oyb.com\/incio\/politica-de-privacidad\/accesibilidad-web\/#breadcrumb\"},\"inLanguage\":\"en-GB\",\"potentialAction\":[{\"@type\":\"ReadAction\",\"target\":[\"https:\/\/xn--peluqueratumomento-oyb.com\/incio\/politica-de-privacidad\/accesibilidad-web\/\"]}]},{\"@type\":\"BreadcrumbList\",\"@id\":\"https:\/\/xn--peluqueratumomento-oyb.com\/incio\/politica-de-privacidad\/accesibilidad-web\/#breadcrumb\",\"itemListElement\":[{\"@type\":\"ListItem\",\"position\":1,\"name\":\"Portada\",\"item\":\"https:\/\/xn--peluqueratumomento-oyb.com\/\"},{\"@type\":\"ListItem\",\"position\":2,\"name\":\"Incio\",\"item\":\"https:\/\/xn--peluqueratumomento-oyb.com\/\"},{\"@type\":\"ListItem\",\"position\":3,\"name\":\"Pol\u00edtica de privacidad\",\"item\":\"https:\/\/xn--peluqueratumomento-oyb.com\/incio\/politica-de-privacidad\/\"},{\"@type\":\"ListItem\",\"position\":4,\"name\":\"Accesibilidad Web\"}]},{\"@type\":\"WebSite\",\"@id\":\"https:\/\/xn--peluqueratumomento-oyb.com\/#website\",\"url\":\"https:\/\/xn--peluqueratumomento-oyb.com\/\",\"name\":\"Peluqueria Tu Momento\",\"description\":\"Centro de est\u00e9tica\",\"publisher\":{\"@id\":\"https:\/\/xn--peluqueratumomento-oyb.com\/#organization\"},\"potentialAction\":[{\"@type\":\"SearchAction\",\"target\":{\"@type\":\"EntryPoint\",\"urlTemplate\":\"https:\/\/xn--peluqueratumomento-oyb.com\/?s={search_term_string}\"},\"query-input\":{\"@type\":\"PropertyValueSpecification\",\"valueRequired\":true,\"valueName\":\"search_term_string\"}}],\"inLanguage\":\"en-GB\"},{\"@type\":\"Organization\",\"@id\":\"https:\/\/xn--peluqueratumomento-oyb.com\/#organization\",\"name\":\"Peluqueria Tu Momento\",\"url\":\"https:\/\/xn--peluqueratumomento-oyb.com\/\",\"logo\":{\"@type\":\"ImageObject\",\"inLanguage\":\"en-GB\",\"@id\":\"https:\/\/xn--peluqueratumomento-oyb.com\/#\/schema\/logo\/image\/\",\"url\":\"https:\/\/xn--peluqueratumomento-oyb.com\/wp-content\/uploads\/2023\/08\/cropped-logo-e1693218638100.png\",\"contentUrl\":\"https:\/\/xn--peluqueratumomento-oyb.com\/wp-content\/uploads\/2023\/08\/cropped-logo-e1693218638100.png\",\"width\":3000,\"height\":856,\"caption\":\"Peluqueria Tu Momento\"},\"image\":{\"@id\":\"https:\/\/xn--peluqueratumomento-oyb.com\/#\/schema\/logo\/image\/\"}}]}<\/script>\n<!-- \/ Yoast SEO plugin. -->","yoast_head_json":{"title":"Accesibilidad Web - Peluqueria Tu Momento","robots":{"index":"index","follow":"follow","max-snippet":"max-snippet:-1","max-image-preview":"max-image-preview:large","max-video-preview":"max-video-preview:-1"},"canonical":"https:\/\/xn--peluqueratumomento-oyb.com\/en\/incio\/politica-de-privacidad\/accesibilidad-web\/","og_locale":"en_GB","og_type":"article","og_title":"Accesibilidad Web - Peluqueria Tu Momento","og_description":"Accesibilidad Actualizado 15\/03\/2023 PELUQUERIATUMOMENTO se compromete en hacer accesible su sitio web de conformidad con el\u00a0Real Decreto 1112\/2018, sobre accesibilidad de los sitios webs y aplicaciones para dispositivos m\u00f3viles del sector p\u00fablico.La presente declaraci\u00f3n de accesibilidad se aplica al sitio web peluquer\u00edatumomento.com.SITUACI\u00d3N DE CUMPLIMIENTOEste sitio web es parcialmente conforme con el\u00a0RD 1112\/2018\u00a0debido a la falta [&hellip;]","og_url":"https:\/\/xn--peluqueratumomento-oyb.com\/en\/incio\/politica-de-privacidad\/accesibilidad-web\/","og_site_name":"Peluqueria Tu Momento","article_modified_time":"2023-10-24T18:22:41+00:00","twitter_card":"summary_large_image","twitter_misc":{"Estimated reading time":"2 minutes"},"schema":{"@context":"https:\/\/schema.org","@graph":[{"@type":"WebPage","@id":"https:\/\/xn--peluqueratumomento-oyb.com\/incio\/politica-de-privacidad\/accesibilidad-web\/","url":"https:\/\/xn--peluqueratumomento-oyb.com\/incio\/politica-de-privacidad\/accesibilidad-web\/","name":"Accesibilidad Web - Peluqueria Tu Momento","isPartOf":{"@id":"https:\/\/xn--peluqueratumomento-oyb.com\/#website"},"datePublished":"2023-08-29T10:47:06+00:00","dateModified":"2023-10-24T18:22:41+00:00","breadcrumb":{"@id":"https:\/\/xn--peluqueratumomento-oyb.com\/incio\/politica-de-privacidad\/accesibilidad-web\/#breadcrumb"},"inLanguage":"en-GB","potentialAction":[{"@type":"ReadAction","target":["https:\/\/xn--peluqueratumomento-oyb.com\/incio\/politica-de-privacidad\/accesibilidad-web\/"]}]},{"@type":"BreadcrumbList","@id":"https:\/\/xn--peluqueratumomento-oyb.com\/incio\/politica-de-privacidad\/accesibilidad-web\/#breadcrumb","itemListElement":[{"@type":"ListItem","position":1,"name":"Portada","item":"https:\/\/xn--peluqueratumomento-oyb.com\/"},{"@type":"ListItem","position":2,"name":"Incio","item":"https:\/\/xn--peluqueratumomento-oyb.com\/"},{"@type":"ListItem","position":3,"name":"Pol\u00edtica de privacidad","item":"https:\/\/xn--peluqueratumomento-oyb.com\/incio\/politica-de-privacidad\/"},{"@type":"ListItem","position":4,"name":"Accesibilidad Web"}]},{"@type":"WebSite","@id":"https:\/\/xn--peluqueratumomento-oyb.com\/#website","url":"https:\/\/xn--peluqueratumomento-oyb.com\/","name":"Peluqueria Tu Momento","description":"Centro de est\u00e9tica","publisher":{"@id":"https:\/\/xn--peluqueratumomento-oyb.com\/#organization"},"potentialAction":[{"@type":"SearchAction","target":{"@type":"EntryPoint","urlTemplate":"https:\/\/xn--peluqueratumomento-oyb.com\/?s={search_term_string}"},"query-input":{"@type":"PropertyValueSpecification","valueRequired":true,"valueName":"search_term_string"}}],"inLanguage":"en-GB"},{"@type":"Organization","@id":"https:\/\/xn--peluqueratumomento-oyb.com\/#organization","name":"Peluqueria Tu Momento","url":"https:\/\/xn--peluqueratumomento-oyb.com\/","logo":{"@type":"ImageObject","inLanguage":"en-GB","@id":"https:\/\/xn--peluqueratumomento-oyb.com\/#\/schema\/logo\/image\/","url":"https:\/\/xn--peluqueratumomento-oyb.com\/wp-content\/uploads\/2023\/08\/cropped-logo-e1693218638100.png","contentUrl":"https:\/\/xn--peluqueratumomento-oyb.com\/wp-content\/uploads\/2023\/08\/cropped-logo-e1693218638100.png","width":3000,"height":856,"caption":"Peluqueria Tu Momento"},"image":{"@id":"https:\/\/xn--peluqueratumomento-oyb.com\/#\/schema\/logo\/image\/"}}]}},"_links":{"self":[{"href":"https:\/\/xn--peluqueratumomento-oyb.com\/en\/wp-json\/wp\/v2\/pages\/259"}],"collection":[{"href":"https:\/\/xn--peluqueratumomento-oyb.com\/en\/wp-json\/wp\/v2\/pages"}],"about":[{"href":"https:\/\/xn--peluqueratumomento-oyb.com\/en\/wp-json\/wp\/v2\/types\/page"}],"author":[{"embeddable":true,"href":"https:\/\/xn--peluqueratumomento-oyb.com\/en\/wp-json\/wp\/v2\/users\/1"}],"replies":[{"embeddable":true,"href":"https:\/\/xn--peluqueratumomento-oyb.com\/en\/wp-json\/wp\/v2\/comments?post=259"}],"version-history":[{"count":0,"href":"https:\/\/xn--peluqueratumomento-oyb.com\/en\/wp-json\/wp\/v2\/pages\/259\/revisions"}],"up":[{"embeddable":true,"href":"https:\/\/xn--peluqueratumomento-oyb.com\/en\/wp-json\/wp\/v2\/pages\/179"}],"wp:attachment":[{"href":"https:\/\/xn--peluqueratumomento-oyb.com\/en\/wp-json\/wp\/v2\/media?parent=259"}],"curies":[{"name":"wp","href":"https:\/\/api.w.org\/{rel}","templated":true}]}}